{"id":987513141,"date":"2024-02-20T15:58:31","date_gmt":"2024-02-20T14:58:31","guid":{"rendered":"https:\/\/tpt.nl\/privacy-policy\/"},"modified":"2024-03-11T11:40:59","modified_gmt":"2024-03-11T10:40:59","slug":"privacy-policy","status":"publish","type":"page","link":"https:\/\/tpt.nl\/nl\/privacy-policy\/","title":{"rendered":"Privacy Policy"},"content":{"rendered":"<p>[et_pb_section fb_built=&#8221;1&#8243; _builder_version=&#8221;4.16&#8243; da_disable_devices=&#8221;off|off|off&#8221; global_colors_info=&#8221;{}&#8221; da_is_popup=&#8221;off&#8221; da_exit_intent=&#8221;off&#8221; da_has_close=&#8221;on&#8221; da_alt_close=&#8221;off&#8221; da_dark_close=&#8221;off&#8221; da_not_modal=&#8221;on&#8221; da_is_singular=&#8221;off&#8221; da_with_loader=&#8221;off&#8221; da_has_shadow=&#8221;on&#8221;][et_pb_row _builder_version=&#8221;4.16&#8243; background_size=&#8221;initial&#8221; background_position=&#8221;top_left&#8221; background_repeat=&#8221;repeat&#8221; global_colors_info=&#8221;{}&#8221;][et_pb_column type=&#8221;4_4&#8243; _builder_version=&#8221;4.16&#8243; custom_padding=&#8221;|||&#8221; global_colors_info=&#8221;{}&#8221; custom_padding__hover=&#8221;|||&#8221;][et_pb_text _builder_version=&#8221;4.24.1&#8243; header_text_color=&#8221;#003866&#8243; header_2_text_color=&#8221;#003866&#8243; background_size=&#8221;initial&#8221; background_position=&#8221;top_left&#8221; background_repeat=&#8221;repeat&#8221; hover_enabled=&#8221;0&#8243; global_colors_info=&#8221;{}&#8221; sticky_enabled=&#8221;0&#8243;]<\/p>\n<p><!-- divi:heading --><\/p>\n<h2 class=\"wp-block-heading\">Over ons<\/h2>\n<p><!-- \/divi:heading --><\/p>\n<p><!-- divi:paragraph -->Dank u wel voor het bezoeken van onze webs\u0131te. Bij TPT hechten we veel waarde aan de privacy en veiligheid van uw persoonlijke gegevens. In dit privacybeleid wordt beschreven hoe wij uw informatie verzamelen, gebruiken en beschermen wanneer u onze website bezoekt.<\/p>\n<p><!-- \/divi:paragraph --><\/p>\n<p><!-- divi:heading --><\/p>\n<h2 class=\"wp-block-heading\">Informatie die we verzamelen<\/h2>\n<p><!-- \/divi:heading --><\/p>\n<p><!-- divi:paragraph -->U hoeft zich niet te registreren of persoonlijke gegevens op te geven om toegang te krijgen tot onze website. Net als de meeste websites kunnen we echter bepaalde niet-persoonlijk identificeerbare informatie automatisch verzamelen, zoals uw IP-adres, browsertype, besturingssysteem en surfgedrag. Deze informatie helpt ons de functionaliteit en prestaties van onze website te verbeteren.<\/p>\n<p><!-- \/divi:paragraph --><\/p>\n<p><!-- divi:heading --><\/p>\n<h2 class=\"wp-block-heading\">Cookies<\/h2>\n<p><!-- \/divi:heading --><\/p>\n<p><!-- divi:paragraph -->Cookies zijn kleine tekstbestanden die op uw apparaat worden opgeslagen en waarmee we uw voorkeuren kunnen herkennen en onze website op uw interesses kunnen afstemmen. We gebruiken cookies voor verschillende doeleinden, waaronder:<\/p>\n<ul>\n<li>Je voorkeuren en instellingen onthouden.<\/li>\n<li>Om te analyseren hoe u omgaat met onze website en om de functionaliteit ervan te verbeteren.<\/li>\n<li>Om gepersonaliseerde inhoud en gerichte reclame te bieden.<\/li>\n<\/ul>\n<p><!-- divi:paragraph -->Door onze website te gebruiken, stemt u in met het gebruik van cookies in overeenstemming met dit Privacybeleid. U kunt het gebruik van cookies regelen via uw browserinstellingen, maar houd er rekening mee dat het uitschakelen van cookies uw toegang tot bepaalde functies van onze website kan beperken.<\/p>\n<p><!-- \/divi:paragraph --><\/p>\n<p><!-- divi:heading --><\/p>\n<h2 class=\"wp-block-heading\">Diensten van derden<\/h2>\n<p><!-- \/divi:heading --><\/p>\n<p><!-- divi:paragraph -->We kunnen gebruik maken van diensten van derden, zoals analytics providers en advertentienetwerken, die ook cookies en vergelijkbare trackingtechnologie\u00ebn gebruiken om informatie te verzamelen over uw interacties met onze website. Deze derden kunnen deze informatie gebruiken om uw surfgedrag te analyseren, gerichte advertenties aan te bieden en de effectiviteit van hun reclamecampagnes te meten.<\/p>\n<p><!-- \/divi:paragraph --><\/p>\n<p><!-- divi:paragraph -->Houd er rekening mee dat dit Privacybeleid niet van toepassing is op de praktijken van diensten van derden en dat wij niet verantwoordelijk zijn voor de privacypraktijken of inhoud van dergelijke diensten. We raden u aan het privacybeleid van deze derden te lezen voordat u persoonlijke gegevens verstrekt.<\/p>\n<p><!-- \/divi:paragraph --><\/p>\n<p><!-- divi:heading --><\/p>\n<h2 class=\"wp-block-heading\">Gegevensbeveiliging<\/h2>\n<p><!-- \/divi:heading --><\/p>\n<p><!-- divi:paragraph -->We nemen redelijke maatregelen om de veiligheid van uw informatie te beschermen en ongeoorloofde toegang, openbaarmaking of wijziging te voorkomen. Echter wees er op bedacht dat geen enkele methode of overdracht over het \u0131nternet 100% ve\u0131l\u0131g \u0131s en dat w\u0131j ook n\u0131et absolute ve\u0131l\u0131ghe\u0131d kunnen garanderen van uw data.<\/p>\n<p><!-- \/divi:paragraph --><\/p>\n<p><!-- divi:heading --><\/p>\n<h2 class=\"wp-block-heading\">Verander\u0131ngen \u0131n deze pr\u0131vacy pol\u0131cy<\/h2>\n<p><!-- \/divi:heading --><\/p>\n<p><!-- divi:paragraph -->W\u0131j behouden het recht om deze pr\u0131v\u0131acy pol\u0131cy te updaten of te veranden op elk moment zonder verdere aankond\u0131g\u0131ng h\u0131ervan. Elke verander\u0131ng \u0131s gel\u0131jk z\u0131chtbaar op deze pag\u0131na W\u0131j raden u aan op deze pr\u0131vacy pol\u0131cy regelamt\u0131g door te nemen om op de hoogte te bl\u0131jven van de ve\u0131l\u0131ghe\u0131d van uw gegevens.<\/p>\n<p><!-- \/divi:paragraph --><\/p>\n<p><!-- divi:heading --><\/p>\n<h2 class=\"wp-block-heading\">Neem contact met ons op<\/h2>\n<p><!-- \/divi:heading --><\/p>\n<p><!-- divi:paragraph -->Heeft u vragen of opmerk\u0131ngen over deze pr\u0131vacy pol\u0131cy neem dan contact met ons op v\u0131a \u0131nfo@tpt.nl.<\/p>\n<p><!-- \/divi:paragraph --><\/p>\n<p><!-- divi:paragraph -->Als u onze webs\u0131te bl\u0131jft gebru\u0131ken gaat u akkoord met onze pr\u0131v\u0131cay pol\u0131ce en het gebu\u0131k van cook\u0131es. Ind\u0131en u n\u0131et akkoord gaat met onze pr\u0131vacy pol\u0131c\u0131 gebru\u0131k dan alstubl\u0131eft n\u0131et onze webs\u0131te. B\u0131j het bl\u0131jven gebru\u0131ken van de webs\u0131te, nadat er w\u0131jz\u0131g\u0131ngen z\u0131jn aangebracht, gaat u akkoord met deze w\u0131jz\u0131g\u0131ngen.<\/p>\n<p><!-- \/divi:paragraph --><\/p>\n<p>[\/et_pb_text][\/et_pb_column][\/et_pb_row][\/et_pb_section]<\/p>\n","protected":false},"excerpt":{"rendered":"<p>Over ons Dank u wel voor het bezoeken van onze webs\u0131te. Bij TPT hechten we veel waarde aan de privacy en veiligheid van uw persoonlijke gegevens. In dit privacybeleid wordt beschreven hoe wij uw informatie verzamelen, gebruiken en beschermen wanneer u onze website bezoekt. Informatie die we verzamelen U hoeft zich niet te registreren of [&hellip;]<\/p>\n","protected":false},"author":1,"featured_media":0,"parent":0,"menu_order":0,"comment_status":"closed","ping_status":"closed","template":"","meta":{"_et_pb_use_builder":"on","_et_pb_old_content":"","_et_gb_content_width":"","footnotes":""},"class_list":["post-987513141","page","type-page","status-publish","hentry"],"yoast_head":"<!-- This site is optimized with the Yoast SEO plugin v27.4 - https:\/\/yoast.com\/product\/yoast-seo-wordpress\/ -->\n<title>Privacy Policy - Terneuzen Processing Technologies B.V.<\/title>\n<meta name=\"description\" content=\"Bij TPT hechten we veel waarde aan de privacy en veiligheid van uw persoonlijke gegevens.\" \/>\n<meta name=\"robots\" content=\"index, follow, max-snippet:-1, max-image-preview:large, max-video-preview:-1\" \/>\n<link rel=\"canonical\" href=\"https:\/\/tpt.nl\/nl\/privacy-policy\/\" \/>\n<meta property=\"og:locale\" content=\"nl_NL\" \/>\n<meta property=\"og:type\" content=\"article\" \/>\n<meta property=\"og:title\" content=\"Privacy Policy - Terneuzen Processing Technologies B.V.\" \/>\n<meta property=\"og:description\" content=\"Bij TPT hechten we veel waarde aan de privacy en veiligheid van uw persoonlijke gegevens.\" \/>\n<meta property=\"og:url\" content=\"https:\/\/tpt.nl\/nl\/privacy-policy\/\" \/>\n<meta property=\"og:site_name\" content=\"Terneuzen Processing Technologies B.V.\" \/>\n<meta property=\"article:modified_time\" content=\"2024-03-11T10:40:59+00:00\" \/>\n<meta name=\"twitter:card\" content=\"summary_large_image\" \/>\n<meta name=\"twitter:label1\" content=\"Geschatte leestijd\" \/>\n\t<meta name=\"twitter:data1\" content=\"3 minuten\" \/>\n<script type=\"application\/ld+json\" class=\"yoast-schema-graph\">{\"@context\":\"https:\\\/\\\/schema.org\",\"@graph\":[{\"@type\":\"WebPage\",\"@id\":\"https:\\\/\\\/tpt.nl\\\/nl\\\/privacy-policy\\\/\",\"url\":\"https:\\\/\\\/tpt.nl\\\/nl\\\/privacy-policy\\\/\",\"name\":\"Privacy Policy - Terneuzen Processing Technologies B.V.\",\"isPartOf\":{\"@id\":\"https:\\\/\\\/tpt.nl\\\/nl\\\/#website\"},\"datePublished\":\"2024-02-20T14:58:31+00:00\",\"dateModified\":\"2024-03-11T10:40:59+00:00\",\"description\":\"Bij TPT hechten we veel waarde aan de privacy en veiligheid van uw persoonlijke gegevens.\",\"breadcrumb\":{\"@id\":\"https:\\\/\\\/tpt.nl\\\/nl\\\/privacy-policy\\\/#breadcrumb\"},\"inLanguage\":\"nl-NL\",\"potentialAction\":[{\"@type\":\"ReadAction\",\"target\":[\"https:\\\/\\\/tpt.nl\\\/nl\\\/privacy-policy\\\/\"]}]},{\"@type\":\"BreadcrumbList\",\"@id\":\"https:\\\/\\\/tpt.nl\\\/nl\\\/privacy-policy\\\/#breadcrumb\",\"itemListElement\":[{\"@type\":\"ListItem\",\"position\":1,\"name\":\"Home\",\"item\":\"https:\\\/\\\/tpt.nl\\\/nl\\\/\"},{\"@type\":\"ListItem\",\"position\":2,\"name\":\"Privacy Policy\"}]},{\"@type\":\"WebSite\",\"@id\":\"https:\\\/\\\/tpt.nl\\\/nl\\\/#website\",\"url\":\"https:\\\/\\\/tpt.nl\\\/nl\\\/\",\"name\":\"Terneuzen Processing Technologies B.V.\",\"description\":\"Your partner in chemistry\",\"publisher\":{\"@id\":\"https:\\\/\\\/tpt.nl\\\/nl\\\/#organization\"},\"potentialAction\":[{\"@type\":\"SearchAction\",\"target\":{\"@type\":\"EntryPoint\",\"urlTemplate\":\"https:\\\/\\\/tpt.nl\\\/nl\\\/?s={search_term_string}\"},\"query-input\":{\"@type\":\"PropertyValueSpecification\",\"valueRequired\":true,\"valueName\":\"search_term_string\"}}],\"inLanguage\":\"nl-NL\"},{\"@type\":\"Organization\",\"@id\":\"https:\\\/\\\/tpt.nl\\\/nl\\\/#organization\",\"name\":\"Terneuzen Processing Technologies B.V.\",\"url\":\"https:\\\/\\\/tpt.nl\\\/nl\\\/\",\"logo\":{\"@type\":\"ImageObject\",\"inLanguage\":\"nl-NL\",\"@id\":\"https:\\\/\\\/tpt.nl\\\/nl\\\/#\\\/schema\\\/logo\\\/image\\\/\",\"url\":\"https:\\\/\\\/tpt.nl\\\/wp-content\\\/uploads\\\/2024\\\/01\\\/logo-tpt-services.png\",\"contentUrl\":\"https:\\\/\\\/tpt.nl\\\/wp-content\\\/uploads\\\/2024\\\/01\\\/logo-tpt-services.png\",\"width\":297,\"height\":128,\"caption\":\"Terneuzen Processing Technologies B.V.\"},\"image\":{\"@id\":\"https:\\\/\\\/tpt.nl\\\/nl\\\/#\\\/schema\\\/logo\\\/image\\\/\"},\"sameAs\":[\"https:\\\/\\\/www.linkedin.com\\\/company\\\/tpt\\\/\"]}]}<\/script>\n<!-- \/ Yoast SEO plugin. -->","yoast_head_json":{"title":"Privacy Policy - Terneuzen Processing Technologies B.V.","description":"Bij TPT hechten we veel waarde aan de privacy en veiligheid van uw persoonlijke gegevens.","robots":{"index":"index","follow":"follow","max-snippet":"max-snippet:-1","max-image-preview":"max-image-preview:large","max-video-preview":"max-video-preview:-1"},"canonical":"https:\/\/tpt.nl\/nl\/privacy-policy\/","og_locale":"nl_NL","og_type":"article","og_title":"Privacy Policy - Terneuzen Processing Technologies B.V.","og_description":"Bij TPT hechten we veel waarde aan de privacy en veiligheid van uw persoonlijke gegevens.","og_url":"https:\/\/tpt.nl\/nl\/privacy-policy\/","og_site_name":"Terneuzen Processing Technologies B.V.","article_modified_time":"2024-03-11T10:40:59+00:00","twitter_card":"summary_large_image","twitter_misc":{"Geschatte leestijd":"3 minuten"},"schema":{"@context":"https:\/\/schema.org","@graph":[{"@type":"WebPage","@id":"https:\/\/tpt.nl\/nl\/privacy-policy\/","url":"https:\/\/tpt.nl\/nl\/privacy-policy\/","name":"Privacy Policy - Terneuzen Processing Technologies B.V.","isPartOf":{"@id":"https:\/\/tpt.nl\/nl\/#website"},"datePublished":"2024-02-20T14:58:31+00:00","dateModified":"2024-03-11T10:40:59+00:00","description":"Bij TPT hechten we veel waarde aan de privacy en veiligheid van uw persoonlijke gegevens.","breadcrumb":{"@id":"https:\/\/tpt.nl\/nl\/privacy-policy\/#breadcrumb"},"inLanguage":"nl-NL","potentialAction":[{"@type":"ReadAction","target":["https:\/\/tpt.nl\/nl\/privacy-policy\/"]}]},{"@type":"BreadcrumbList","@id":"https:\/\/tpt.nl\/nl\/privacy-policy\/#breadcrumb","itemListElement":[{"@type":"ListItem","position":1,"name":"Home","item":"https:\/\/tpt.nl\/nl\/"},{"@type":"ListItem","position":2,"name":"Privacy Policy"}]},{"@type":"WebSite","@id":"https:\/\/tpt.nl\/nl\/#website","url":"https:\/\/tpt.nl\/nl\/","name":"Terneuzen Processing Technologies B.V.","description":"Your partner in chemistry","publisher":{"@id":"https:\/\/tpt.nl\/nl\/#organization"},"potentialAction":[{"@type":"SearchAction","target":{"@type":"EntryPoint","urlTemplate":"https:\/\/tpt.nl\/nl\/?s={search_term_string}"},"query-input":{"@type":"PropertyValueSpecification","valueRequired":true,"valueName":"search_term_string"}}],"inLanguage":"nl-NL"},{"@type":"Organization","@id":"https:\/\/tpt.nl\/nl\/#organization","name":"Terneuzen Processing Technologies B.V.","url":"https:\/\/tpt.nl\/nl\/","logo":{"@type":"ImageObject","inLanguage":"nl-NL","@id":"https:\/\/tpt.nl\/nl\/#\/schema\/logo\/image\/","url":"https:\/\/tpt.nl\/wp-content\/uploads\/2024\/01\/logo-tpt-services.png","contentUrl":"https:\/\/tpt.nl\/wp-content\/uploads\/2024\/01\/logo-tpt-services.png","width":297,"height":128,"caption":"Terneuzen Processing Technologies B.V."},"image":{"@id":"https:\/\/tpt.nl\/nl\/#\/schema\/logo\/image\/"},"sameAs":["https:\/\/www.linkedin.com\/company\/tpt\/"]}]}},"_links":{"self":[{"href":"https:\/\/tpt.nl\/nl\/wp-json\/wp\/v2\/pages\/987513141","targetHints":{"allow":["GET"]}}],"collection":[{"href":"https:\/\/tpt.nl\/nl\/wp-json\/wp\/v2\/pages"}],"about":[{"href":"https:\/\/tpt.nl\/nl\/wp-json\/wp\/v2\/types\/page"}],"author":[{"embeddable":true,"href":"https:\/\/tpt.nl\/nl\/wp-json\/wp\/v2\/users\/1"}],"replies":[{"embeddable":true,"href":"https:\/\/tpt.nl\/nl\/wp-json\/wp\/v2\/comments?post=987513141"}],"version-history":[{"count":7,"href":"https:\/\/tpt.nl\/nl\/wp-json\/wp\/v2\/pages\/987513141\/revisions"}],"predecessor-version":[{"id":987513752,"href":"https:\/\/tpt.nl\/nl\/wp-json\/wp\/v2\/pages\/987513141\/revisions\/987513752"}],"wp:attachment":[{"href":"https:\/\/tpt.nl\/nl\/wp-json\/wp\/v2\/media?parent=987513141"}],"curies":[{"name":"wp","href":"https:\/\/api.w.org\/{rel}","templated":true}]}}